{"id":134,"date":"2026-03-06T02:47:36","date_gmt":"2026-03-06T01:47:36","guid":{"rendered":"https:\/\/falcaxis.eu\/portafolio\/"},"modified":"2026-03-07T02:40:19","modified_gmt":"2026-03-07T01:40:19","slug":"portafolio","status":"publish","type":"page","link":"https:\/\/falcaxis.eu\/en\/portafolio\/","title":{"rendered":"Portfolio"},"content":{"rendered":"<div class=\"wp-block-group alignfull is-style-ext-preset--group--natural-1--section has-background-background-color has-background has-global-padding is-layout-constrained wp-container-core-group-is-layout-843e5a6d wp-block-group-is-layout-constrained\" id=\"acerca-de\" style=\"margin-top:0;margin-bottom:0;padding-top:var(--wp--preset--spacing--70);padding-bottom:var(--wp--preset--spacing--70)\">\n<h2 class=\"wp-block-heading has-text-align-center ext-animate--on\">Ingenier\u00eda RF, hardware embarcado y formaci\u00f3n t\u00e9cnica para operadores<\/h2>\n\n\n\n<p class=\"has-text-align-center ext-animate--on\" style=\"margin-top:1.5rem\">Falcaxis Systems opera en tres l\u00edneas complementarias: software operativo SDR, m\u00f3dulos hardware embarcados a medida e instrucci\u00f3n t\u00e9cnica en campo. Trabajamos con operadores, integradores y organismos institucionales bajo contrato directo o proyectos de I+D continuos.<\/p>\n\n\n\n<figure class=\"wp-block-image is-style-ext-preset-image-natural-1-image-1--content-any is-style-ext-preset--image--natural-1--image-1--content-any ext-animate--on is-style-ext-preset--image--natural-1--image-1--content-any--2\"><img loading=\"lazy\" decoding=\"async\" width=\"1440\" height=\"764\" src=\"https:\/\/falcaxis.eu\/wp-content\/uploads\/2026\/03\/13265c5921a6f310a6a2476f69ad164d12be7905.jpg\" alt=\"\" class=\"wp-image-108\" style=\"aspect-ratio:16\/9;object-fit:cover\" srcset=\"https:\/\/falcaxis.eu\/wp-content\/uploads\/2026\/03\/13265c5921a6f310a6a2476f69ad164d12be7905.jpg 1440w, https:\/\/falcaxis.eu\/wp-content\/uploads\/2026\/03\/13265c5921a6f310a6a2476f69ad164d12be7905-300x159.jpg 300w, https:\/\/falcaxis.eu\/wp-content\/uploads\/2026\/03\/13265c5921a6f310a6a2476f69ad164d12be7905-1024x543.jpg 1024w, https:\/\/falcaxis.eu\/wp-content\/uploads\/2026\/03\/13265c5921a6f310a6a2476f69ad164d12be7905-768x407.jpg 768w, https:\/\/falcaxis.eu\/wp-content\/uploads\/2026\/03\/13265c5921a6f310a6a2476f69ad164d12be7905-18x10.jpg 18w\" sizes=\"auto, (max-width: 1440px) 100vw, 1440px\" \/><\/figure>\n<\/div>\n\n\n\n<div class=\"wp-block-group alignfull is-style-ext-preset--group--natural-1--section has-tertiary-background-color has-background has-global-padding is-layout-constrained wp-container-core-group-is-layout-f72f1611 wp-block-group-is-layout-constrained\" id=\"galeria\" style=\"margin-top:0;margin-bottom:0;padding-top:var(--wp--preset--spacing--70);padding-bottom:var(--wp--preset--spacing--70)\">\n<div class=\"wp-block-group alignwide ext-is-logical-start has-global-padding is-content-justification-left is-layout-constrained wp-container-core-group-is-layout-6729bdbe wp-block-group-is-layout-constrained\">\n<h2 class=\"wp-block-heading ext-animate--on\">Tecnolog\u00eda e infraestructura<\/h2>\n\n\n\n<p class=\"has-text-align-left ext-animate--on\">Im\u00e1genes del entorno tecnol\u00f3gico y de laboratorio en el que se desarrollan los sistemas Falcaxis.<\/p>\n<\/div>\n\n\n\n<div class=\"wp-block-columns alignwide are-vertically-aligned-top is-layout-flex wp-container-core-columns-is-layout-87beb0d0 wp-block-columns-is-layout-flex\">\n<div class=\"wp-block-column is-vertically-aligned-top ext-animate--on is-layout-flow wp-container-core-column-is-layout-f5bb311e wp-block-column-is-layout-flow\">\n<figure class=\"wp-block-image is-style-ext-preset--image--natural-1--image-1--content-top is-style-ext-preset--image--natural-1--image-1--content-top--4\"><img loading=\"lazy\" decoding=\"async\" width=\"960\" height=\"1440\" src=\"https:\/\/falcaxis.eu\/wp-content\/uploads\/2026\/03\/cc73ffa348e5e4657698aee6d2f6fc263042e7cb.jpg\" alt=\"\" class=\"wp-image-149\" style=\"aspect-ratio:1;object-fit:cover\" srcset=\"https:\/\/falcaxis.eu\/wp-content\/uploads\/2026\/03\/cc73ffa348e5e4657698aee6d2f6fc263042e7cb.jpg 960w, https:\/\/falcaxis.eu\/wp-content\/uploads\/2026\/03\/cc73ffa348e5e4657698aee6d2f6fc263042e7cb-200x300.jpg 200w, https:\/\/falcaxis.eu\/wp-content\/uploads\/2026\/03\/cc73ffa348e5e4657698aee6d2f6fc263042e7cb-683x1024.jpg 683w, https:\/\/falcaxis.eu\/wp-content\/uploads\/2026\/03\/cc73ffa348e5e4657698aee6d2f6fc263042e7cb-768x1152.jpg 768w, https:\/\/falcaxis.eu\/wp-content\/uploads\/2026\/03\/cc73ffa348e5e4657698aee6d2f6fc263042e7cb-8x12.jpg 8w\" sizes=\"auto, (max-width: 960px) 100vw, 960px\" \/><\/figure>\n\n\n\n<figure class=\"wp-block-image is-style-ext-preset--image--natural-1--image-1--content-top is-style-ext-preset--image--natural-1--image-1--content-top--5\"><img loading=\"lazy\" decoding=\"async\" width=\"960\" height=\"1440\" src=\"https:\/\/falcaxis.eu\/wp-content\/uploads\/2026\/03\/9c9049d7cc2bbf0c72eb29a073119de2bf7f2a7c.jpg\" alt=\"\" class=\"wp-image-151\" style=\"aspect-ratio:1;object-fit:cover\" srcset=\"https:\/\/falcaxis.eu\/wp-content\/uploads\/2026\/03\/9c9049d7cc2bbf0c72eb29a073119de2bf7f2a7c.jpg 960w, https:\/\/falcaxis.eu\/wp-content\/uploads\/2026\/03\/9c9049d7cc2bbf0c72eb29a073119de2bf7f2a7c-200x300.jpg 200w, https:\/\/falcaxis.eu\/wp-content\/uploads\/2026\/03\/9c9049d7cc2bbf0c72eb29a073119de2bf7f2a7c-683x1024.jpg 683w, https:\/\/falcaxis.eu\/wp-content\/uploads\/2026\/03\/9c9049d7cc2bbf0c72eb29a073119de2bf7f2a7c-768x1152.jpg 768w, https:\/\/falcaxis.eu\/wp-content\/uploads\/2026\/03\/9c9049d7cc2bbf0c72eb29a073119de2bf7f2a7c-8x12.jpg 8w\" sizes=\"auto, (max-width: 960px) 100vw, 960px\" \/><\/figure>\n<\/div>\n\n\n\n<div class=\"wp-block-column is-vertically-aligned-top ext-animate--on is-layout-flow wp-container-core-column-is-layout-f5bb311e wp-block-column-is-layout-flow\">\n<figure class=\"wp-block-image is-style-ext-preset--image--natural-1--image-1--content-top is-style-ext-preset--image--natural-1--image-1--content-top--6\"><img loading=\"lazy\" decoding=\"async\" width=\"1440\" height=\"764\" src=\"https:\/\/falcaxis.eu\/wp-content\/uploads\/2026\/03\/13265c5921a6f310a6a2476f69ad164d12be7905.jpg\" alt=\"\" class=\"wp-image-108\" style=\"aspect-ratio:1;object-fit:cover\" srcset=\"https:\/\/falcaxis.eu\/wp-content\/uploads\/2026\/03\/13265c5921a6f310a6a2476f69ad164d12be7905.jpg 1440w, https:\/\/falcaxis.eu\/wp-content\/uploads\/2026\/03\/13265c5921a6f310a6a2476f69ad164d12be7905-300x159.jpg 300w, https:\/\/falcaxis.eu\/wp-content\/uploads\/2026\/03\/13265c5921a6f310a6a2476f69ad164d12be7905-1024x543.jpg 1024w, https:\/\/falcaxis.eu\/wp-content\/uploads\/2026\/03\/13265c5921a6f310a6a2476f69ad164d12be7905-768x407.jpg 768w, https:\/\/falcaxis.eu\/wp-content\/uploads\/2026\/03\/13265c5921a6f310a6a2476f69ad164d12be7905-18x10.jpg 18w\" sizes=\"auto, (max-width: 1440px) 100vw, 1440px\" \/><\/figure>\n\n\n\n<figure class=\"wp-block-image is-style-ext-preset--image--natural-1--image-1--content-top is-style-ext-preset--image--natural-1--image-1--content-top--7\"><img loading=\"lazy\" decoding=\"async\" width=\"1440\" height=\"960\" src=\"https:\/\/falcaxis.eu\/wp-content\/uploads\/2026\/03\/413aecc3ccb419134a834f5d3d1df47fb43757c8.jpg\" alt=\"\" class=\"wp-image-145\" style=\"aspect-ratio:1;object-fit:cover\" srcset=\"https:\/\/falcaxis.eu\/wp-content\/uploads\/2026\/03\/413aecc3ccb419134a834f5d3d1df47fb43757c8.jpg 1440w, https:\/\/falcaxis.eu\/wp-content\/uploads\/2026\/03\/413aecc3ccb419134a834f5d3d1df47fb43757c8-300x200.jpg 300w, https:\/\/falcaxis.eu\/wp-content\/uploads\/2026\/03\/413aecc3ccb419134a834f5d3d1df47fb43757c8-1024x683.jpg 1024w, https:\/\/falcaxis.eu\/wp-content\/uploads\/2026\/03\/413aecc3ccb419134a834f5d3d1df47fb43757c8-768x512.jpg 768w, https:\/\/falcaxis.eu\/wp-content\/uploads\/2026\/03\/413aecc3ccb419134a834f5d3d1df47fb43757c8-18x12.jpg 18w\" sizes=\"auto, (max-width: 1440px) 100vw, 1440px\" \/><\/figure>\n<\/div>\n\n\n\n<div class=\"wp-block-column is-vertically-aligned-top ext-animate--on is-layout-flow wp-container-core-column-is-layout-f5bb311e wp-block-column-is-layout-flow\">\n<figure class=\"wp-block-image is-style-ext-preset--image--natural-1--image-1--content-top is-style-ext-preset--image--natural-1--image-1--content-top--8\"><img loading=\"lazy\" decoding=\"async\" width=\"1440\" height=\"962\" src=\"https:\/\/falcaxis.eu\/wp-content\/uploads\/2026\/03\/29cf8cca19f934eb502017dfff03b14b9486dbe1.jpg\" alt=\"\" class=\"wp-image-143\" style=\"aspect-ratio:1;object-fit:cover\" srcset=\"https:\/\/falcaxis.eu\/wp-content\/uploads\/2026\/03\/29cf8cca19f934eb502017dfff03b14b9486dbe1.jpg 1440w, https:\/\/falcaxis.eu\/wp-content\/uploads\/2026\/03\/29cf8cca19f934eb502017dfff03b14b9486dbe1-300x200.jpg 300w, https:\/\/falcaxis.eu\/wp-content\/uploads\/2026\/03\/29cf8cca19f934eb502017dfff03b14b9486dbe1-1024x684.jpg 1024w, https:\/\/falcaxis.eu\/wp-content\/uploads\/2026\/03\/29cf8cca19f934eb502017dfff03b14b9486dbe1-768x513.jpg 768w, https:\/\/falcaxis.eu\/wp-content\/uploads\/2026\/03\/29cf8cca19f934eb502017dfff03b14b9486dbe1-18x12.jpg 18w\" sizes=\"auto, (max-width: 1440px) 100vw, 1440px\" \/><\/figure>\n\n\n\n<figure class=\"wp-block-image is-style-ext-preset--image--natural-1--image-1--content-top is-style-ext-preset--image--natural-1--image-1--content-top--9\"><img loading=\"lazy\" decoding=\"async\" width=\"1152\" height=\"1440\" src=\"https:\/\/falcaxis.eu\/wp-content\/uploads\/2026\/03\/73d620267eea71643d4daa39a90940072fe5b469.jpg\" alt=\"\" class=\"wp-image-152\" style=\"aspect-ratio:1;object-fit:cover\" srcset=\"https:\/\/falcaxis.eu\/wp-content\/uploads\/2026\/03\/73d620267eea71643d4daa39a90940072fe5b469.jpg 1152w, https:\/\/falcaxis.eu\/wp-content\/uploads\/2026\/03\/73d620267eea71643d4daa39a90940072fe5b469-240x300.jpg 240w, https:\/\/falcaxis.eu\/wp-content\/uploads\/2026\/03\/73d620267eea71643d4daa39a90940072fe5b469-819x1024.jpg 819w, https:\/\/falcaxis.eu\/wp-content\/uploads\/2026\/03\/73d620267eea71643d4daa39a90940072fe5b469-768x960.jpg 768w, https:\/\/falcaxis.eu\/wp-content\/uploads\/2026\/03\/73d620267eea71643d4daa39a90940072fe5b469-10x12.jpg 10w\" sizes=\"auto, (max-width: 1152px) 100vw, 1152px\" \/><\/figure>\n<\/div>\n\n\n\n<div class=\"wp-block-column is-vertically-aligned-top ext-animate--on is-layout-flow wp-container-core-column-is-layout-f5bb311e wp-block-column-is-layout-flow\">\n<figure class=\"wp-block-image is-style-ext-preset--image--natural-1--image-1--content-top is-style-ext-preset--image--natural-1--image-1--content-top--10\"><img loading=\"lazy\" decoding=\"async\" width=\"1440\" height=\"1080\" src=\"https:\/\/falcaxis.eu\/wp-content\/uploads\/2026\/03\/62e9b76498ed3d21d86b216dd0a93cc8f2b357ca.jpg\" alt=\"\" class=\"wp-image-146\" style=\"aspect-ratio:1;object-fit:cover\" srcset=\"https:\/\/falcaxis.eu\/wp-content\/uploads\/2026\/03\/62e9b76498ed3d21d86b216dd0a93cc8f2b357ca.jpg 1440w, https:\/\/falcaxis.eu\/wp-content\/uploads\/2026\/03\/62e9b76498ed3d21d86b216dd0a93cc8f2b357ca-300x225.jpg 300w, https:\/\/falcaxis.eu\/wp-content\/uploads\/2026\/03\/62e9b76498ed3d21d86b216dd0a93cc8f2b357ca-1024x768.jpg 1024w, https:\/\/falcaxis.eu\/wp-content\/uploads\/2026\/03\/62e9b76498ed3d21d86b216dd0a93cc8f2b357ca-768x576.jpg 768w, https:\/\/falcaxis.eu\/wp-content\/uploads\/2026\/03\/62e9b76498ed3d21d86b216dd0a93cc8f2b357ca-16x12.jpg 16w\" sizes=\"auto, (max-width: 1440px) 100vw, 1440px\" \/><\/figure>\n\n\n\n<figure class=\"wp-block-image is-style-ext-preset--image--natural-1--image-1--content-top is-style-ext-preset--image--natural-1--image-1--content-top--11\"><img loading=\"lazy\" decoding=\"async\" width=\"1440\" height=\"1080\" src=\"https:\/\/falcaxis.eu\/wp-content\/uploads\/2026\/03\/baa5d09a5dff2ff450486050af048134d387630b.jpg\" alt=\"\" class=\"wp-image-106\" style=\"aspect-ratio:1;object-fit:cover\" srcset=\"https:\/\/falcaxis.eu\/wp-content\/uploads\/2026\/03\/baa5d09a5dff2ff450486050af048134d387630b.jpg 1440w, https:\/\/falcaxis.eu\/wp-content\/uploads\/2026\/03\/baa5d09a5dff2ff450486050af048134d387630b-300x225.jpg 300w, https:\/\/falcaxis.eu\/wp-content\/uploads\/2026\/03\/baa5d09a5dff2ff450486050af048134d387630b-1024x768.jpg 1024w, https:\/\/falcaxis.eu\/wp-content\/uploads\/2026\/03\/baa5d09a5dff2ff450486050af048134d387630b-768x576.jpg 768w, https:\/\/falcaxis.eu\/wp-content\/uploads\/2026\/03\/baa5d09a5dff2ff450486050af048134d387630b-16x12.jpg 16w\" sizes=\"auto, (max-width: 1440px) 100vw, 1440px\" \/><\/figure>\n<\/div>\n<\/div>\n<\/div>\n\n\n\n<div class=\"wp-block-group alignfull is-style-ext-preset--group--natural-1--section has-background-background-color has-background has-global-padding is-layout-constrained wp-container-core-group-is-layout-e955bbaf wp-block-group-is-layout-constrained\" id=\"servicios\" style=\"margin-top:0;margin-bottom:0;padding-top:var(--wp--preset--spacing--70);padding-bottom:var(--wp--preset--spacing--70)\">\n<div class=\"wp-block-group alignwide ext-is-logical-start has-global-padding is-content-justification-left is-layout-constrained wp-container-core-group-is-layout-6729bdbe wp-block-group-is-layout-constrained\">\n<h2 class=\"wp-block-heading ext-animate--on\">L\u00edneas de actividad<\/h2>\n\n\n\n<p class=\"has-text-align-left ext-animate--on\">Tres \u00e1reas de capacidad independientes y complementarias. Todas abiertas a proyectos de I+D a medida y contratos de desarrollo continuo.<\/p>\n<\/div>\n\n\n\n<div class=\"wp-block-columns alignwide is-layout-flex wp-container-core-columns-is-layout-08c01c1c wp-block-columns-is-layout-flex\">\n<div class=\"wp-block-column is-vertically-aligned-stretch ext-animate--on is-layout-flow wp-container-core-column-is-layout-f5bb311e wp-block-column-is-layout-flow\">\n<div class=\"wp-block-group is-style-ext-preset--group--natural-1--item-card-1--align-start has-global-padding is-layout-constrained wp-block-group-is-layout-constrained is-style-ext-preset--group--natural-1--item-card-1--align-start--13\">\n<div class=\"wp-block-group is-style-default has-global-padding is-layout-constrained wp-block-group-is-layout-constrained\">\n<div class=\"wp-block-group is-nowrap is-layout-flex wp-container-core-group-is-layout-64fa2afa wp-block-group-is-layout-flex\" style=\"padding-top:0;padding-right:0;padding-bottom:0;padding-left:0\">\n<figure class=\"wp-block-image size-large ext-aspect-landscape wp-duotone-primary-foreground\"><img decoding=\"async\" src=\"data:image\/svg+xml;base64,PHN2ZyB4bWxucz0iaHR0cDovL3d3dy53My5vcmcvMjAwMC9zdmciIHdpZHRoPSI0OCIgaGVpZ2h0PSI0OCIgZmlsbD0iIzAwMDAwMCIgdmlld0JveD0iMCAwIDI1NiAyNTYiPjxwYXRoIGQ9Ik0xNzIsNzZhNDQsNDQsMCwxLDAtNDQsNDRBNDQuMDUsNDQuMDUsMCwwLDAsMTcyLDc2Wm0tNDQsMjhhMjgsMjgsMCwxLDEsMjgtMjhBMjgsMjgsMCwwLDEsMTI4LDEwNFptNjAsMjRhNDQsNDQsMCwxLDAsNDQsNDRBNDQuMDUsNDQuMDUsMCwwLDAsMTg4LDEyOFptMCw3MmEyOCwyOCwwLDEsMSwyOC0yOEEyOCwyOCwwLDAsMSwxODgsMjAwWk02OCwxMjhhNDQsNDQsMCwxLDAsNDQsNDRBNDQuMDUsNDQuMDUsMCwwLDAsNjgsMTI4Wm0wLDcyYTI4LDI4LDAsMSwxLDI4LTI4QTI4LDI4LDAsMCwxLDY4LDIwMFoiPjwvcGF0aD48L3N2Zz4=\" alt=\"\" style=\"object-fit:cover\"\/><\/figure>\n\n\n\n<div class=\"wp-block-group wp-container-content-958eb9dc has-global-padding is-layout-constrained wp-container-core-group-is-layout-c06d165c wp-block-group-is-layout-constrained\" style=\"padding-top:0;padding-right:0;padding-bottom:0;padding-left:0\">\n<h3 class=\"wp-block-heading\">Software operativo<\/h3>\n\n\n\n<p>Goshawk\u00a0TX \u2014 sistema TX multibanda 1.2\u202f\/\u202f2.4\u202f\/\u202f5.8\u00a0GHz con scheduler TDM. <\/p>\n\n\n\n<p class=\"ext-animate--on\">Duskeye \u2014 esc\u00e1ner pasivo FPV sin emisi\u00f3n, 1.2\u20135.8\u00a0GHz. <\/p>\n\n\n\n<p class=\"ext-animate--on\">Kestrel \u2014 detecci\u00f3n y anulaci\u00f3n de enlaces de v\u00eddeo no autorizados en zonas restringidas mediante sustituci\u00f3n de imagen. <\/p>\n\n\n\n<p class=\"ext-animate--on\">Disponible integraci\u00f3n y desarrollo a medida.<\/p>\n<\/div>\n<\/div>\n<\/div>\n<\/div>\n<\/div>\n\n\n\n<div class=\"wp-block-column is-vertically-aligned-stretch ext-animate--on is-layout-flow wp-container-core-column-is-layout-f5bb311e wp-block-column-is-layout-flow\">\n<div class=\"wp-block-group is-style-ext-preset--group--natural-1--item-card-1--align-start has-global-padding is-layout-constrained wp-block-group-is-layout-constrained is-style-ext-preset--group--natural-1--item-card-1--align-start--14\">\n<div class=\"wp-block-group is-style-default has-global-padding is-layout-constrained wp-block-group-is-layout-constrained\">\n<div class=\"wp-block-group is-nowrap is-layout-flex wp-container-core-group-is-layout-64fa2afa wp-block-group-is-layout-flex\" style=\"padding-top:0;padding-right:0;padding-bottom:0;padding-left:0\">\n<figure class=\"wp-block-image size-large ext-aspect-landscape wp-duotone-primary-foreground\"><img decoding=\"async\" src=\"data:image\/svg+xml;base64,PHN2ZyB4bWxucz0iaHR0cDovL3d3dy53My5vcmcvMjAwMC9zdmciIHdpZHRoPSI0OCIgaGVpZ2h0PSI0OCIgZmlsbD0iIzAwMDAwMCIgdmlld0JveD0iMCAwIDI1NiAyNTYiPjxwYXRoIGQ9Ik04MCw0MGE0MCw0MCwwLDEsMCw0MCw0MEE0MCw0MCwwLDAsMCw4MCw0MFptMCw2NGEyNCwyNCwwLDEsMSwyNC0yNEEyNCwyNCwwLDAsMSw4MCwxMDRabTk2LDE2YTQwLDQwLDAsMSwwLTQwLTQwQTQwLDQwLDAsMCwwLDE3NiwxMjBabTAtNjRhMjQsMjQsMCwxLDEtMjQsMjRBMjQsMjQsMCwwLDEsMTc2LDU2Wk04MCwxMzZhNDAsNDAsMCwxLDAsNDAsNDBBNDAsNDAsMCwwLDAsODAsMTM2Wm0wLDY0YTI0LDI0LDAsMSwxLDI0LTI0QTI0LDI0LDAsMCwxLDgwLDIwMFptOTYtNjRhNDAsNDAsMCwxLDAsNDAsNDBBNDAsNDAsMCwwLDAsMTc2LDEzNlptMCw2NGEyNCwyNCwwLDEsMSwyNC0yNEEyNCwyNCwwLDAsMSwxNzYsMjAwWiI+PC9wYXRoPjwvc3ZnPg==\" alt=\"\" style=\"object-fit:cover\"\/><\/figure>\n\n\n\n<div class=\"wp-block-group wp-container-content-958eb9dc has-global-padding is-layout-constrained wp-container-core-group-is-layout-c06d165c wp-block-group-is-layout-constrained\" style=\"padding-top:0;padding-right:0;padding-bottom:0;padding-left:0\">\n<h3 class=\"wp-block-heading\">Hardware embarcado a medida<\/h3>\n\n\n\n<p>M\u00f3dulos RF de resiliencia, amplificaci\u00f3n y mallado para plataformas UAS. <\/p>\n\n\n\n<p class=\"ext-animate--on\">Sistemas de inhibici\u00f3n embarcada, designadores NIR, m\u00f3dulos de defensa electr\u00f3nica para uso policial y militar. <\/p>\n\n\n\n<p class=\"ext-animate--on\">Dise\u00f1ados, fabricados y validados por Falcaxis. <\/p>\n\n\n\n<p class=\"ext-animate--on\">Bajo pedido; demostraci\u00f3n disponible previa solicitud.<\/p>\n<\/div>\n<\/div>\n<\/div>\n<\/div>\n<\/div>\n\n\n\n<div class=\"wp-block-column is-vertically-aligned-stretch ext-animate--on is-layout-flow wp-container-core-column-is-layout-f5bb311e wp-block-column-is-layout-flow\">\n<div class=\"wp-block-group is-style-ext-preset--group--natural-1--item-card-1--align-start has-global-padding is-layout-constrained wp-block-group-is-layout-constrained is-style-ext-preset--group--natural-1--item-card-1--align-start--15\">\n<div class=\"wp-block-group is-style-default has-global-padding is-layout-constrained wp-block-group-is-layout-constrained\">\n<div class=\"wp-block-group is-nowrap is-layout-flex wp-container-core-group-is-layout-64fa2afa wp-block-group-is-layout-flex\" style=\"padding-top:0;padding-right:0;padding-bottom:0;padding-left:0\">\n<figure class=\"wp-block-image size-large ext-aspect-landscape wp-duotone-primary-foreground\"><img decoding=\"async\" src=\"data:image\/svg+xml;base64,PHN2ZyB4bWxucz0iaHR0cDovL3d3dy53My5vcmcvMjAwMC9zdmciIHdpZHRoPSI0OCIgaGVpZ2h0PSI0OCIgZmlsbD0iIzAwMDAwMCIgdmlld0JveD0iMCAwIDI1NiAyNTYiPjxwYXRoIGQ9Ik04MCw0MGE0MCw0MCwwLDEsMCw0MCw0MEE0MCw0MCwwLDAsMCw4MCw0MFptMCw2NGEyNCwyNCwwLDEsMSwyNC0yNEEyNCwyNCwwLDAsMSw4MCwxMDRabTk2LDE2YTQwLDQwLDAsMSwwLTQwLTQwQTQwLDQwLDAsMCwwLDE3NiwxMjBabTAtNjRhMjQsMjQsMCwxLDEtMjQsMjRBMjQsMjQsMCwwLDEsMTc2LDU2Wk04MCwxMzZhNDAsNDAsMCwxLDAsNDAsNDBBNDAsNDAsMCwwLDAsODAsMTM2Wm0wLDY0YTI0LDI0LDAsMSwxLDI0LTI0QTI0LDI0LDAsMCwxLDgwLDIwMFptMTM2LTI0YTgsOCwwLDAsMS04LDhIMTg0djI0YTgsOCwwLDAsMS0xNiwwVjE4NEgxNDRhOCw4LDAsMCwxLDAtMTZoMjRWMTQ0YTgsOCwwLDAsMSwxNiwwdjI0aDI0QTgsOCwwLDAsMSwyMTYsMTc2WiI+PC9wYXRoPjwvc3ZnPg==\" alt=\"\" style=\"object-fit:cover\"\/><\/figure>\n\n\n\n<div class=\"wp-block-group wp-container-content-958eb9dc has-global-padding is-layout-constrained wp-container-core-group-is-layout-c06d165c wp-block-group-is-layout-constrained\" style=\"padding-top:0;padding-right:0;padding-bottom:0;padding-left:0\">\n<h3 class=\"wp-block-heading\">Formaci\u00f3n t\u00e9cnica en campo<\/h3>\n\n\n\n<p>Talleres pr\u00e1cticos de operador en guerra electr\u00f3nica, an\u00e1lisis espectral, antenas y propagaci\u00f3n de ondas. <\/p>\n\n\n\n<p class=\"ext-animate--on\">Orientaci\u00f3n operacional pr\u00e1ctica. Impartidos en las instalaciones del cliente. <\/p>\n\n\n\n<p class=\"ext-animate--on\">Disponible bajo solicitud.<\/p>\n<\/div>\n<\/div>\n<\/div>\n<\/div>\n<\/div>\n<\/div>\n<\/div>","protected":false},"excerpt":{"rendered":"<p>Ingenier\u00eda RF, hardware embarcado y formaci\u00f3n t\u00e9cnica para operadores Falcaxis Systems opera en tres l\u00edneas complementarias: software operativo SDR, m\u00f3dulos hardware embarcados a medida e instrucci\u00f3n t\u00e9cnica en campo. Trabajamos con operadores, integradores y organismos institucionales bajo contrato directo o proyectos de I+D continuos. Tecnolog\u00eda e infraestructura Im\u00e1genes del entorno tecnol\u00f3gico y de laboratorio en [&hellip;]<\/p>\n","protected":false},"author":1,"featured_media":0,"parent":0,"menu_order":0,"comment_status":"closed","ping_status":"closed","template":"page-with-title","meta":{"footnotes":""},"class_list":["post-134","page","type-page","status-publish","hentry"],"aioseo_notices":[],"_links":{"self":[{"href":"https:\/\/falcaxis.eu\/en\/wp-json\/wp\/v2\/pages\/134","targetHints":{"allow":["GET"]}}],"collection":[{"href":"https:\/\/falcaxis.eu\/en\/wp-json\/wp\/v2\/pages"}],"about":[{"href":"https:\/\/falcaxis.eu\/en\/wp-json\/wp\/v2\/types\/page"}],"author":[{"embeddable":true,"href":"https:\/\/falcaxis.eu\/en\/wp-json\/wp\/v2\/users\/1"}],"replies":[{"embeddable":true,"href":"https:\/\/falcaxis.eu\/en\/wp-json\/wp\/v2\/comments?post=134"}],"version-history":[{"count":2,"href":"https:\/\/falcaxis.eu\/en\/wp-json\/wp\/v2\/pages\/134\/revisions"}],"predecessor-version":[{"id":176,"href":"https:\/\/falcaxis.eu\/en\/wp-json\/wp\/v2\/pages\/134\/revisions\/176"}],"wp:attachment":[{"href":"https:\/\/falcaxis.eu\/en\/wp-json\/wp\/v2\/media?parent=134"}],"curies":[{"name":"wp","href":"https:\/\/api.w.org\/{rel}","templated":true}]}}