{"id":132,"date":"2026-03-06T02:47:35","date_gmt":"2026-03-06T01:47:35","guid":{"rendered":"https:\/\/falcaxis.eu\/reserva\/"},"modified":"2026-03-06T02:53:42","modified_gmt":"2026-03-06T01:53:42","slug":"reserva","status":"publish","type":"page","link":"https:\/\/falcaxis.eu\/en\/reserva\/","title":{"rendered":"Reservation"},"content":{"rendered":"<div class=\"wp-block-group alignfull is-style-ext-preset--group--natural-1--section ext-animate--on has-background-background-color has-background has-global-padding is-layout-constrained wp-container-core-group-is-layout-ab56ae29 wp-block-group-is-layout-constrained\" id=\"reservar-ahora\" style=\"margin-top:0;margin-bottom:0;padding-top:var(--wp--preset--spacing--70);padding-bottom:var(--wp--preset--spacing--70)\">\n<h2 class=\"wp-block-heading has-text-align-center ext-animate--on\">Sistemas RF avanzados para an\u00e1lisis espectral<\/h2>\n\n\n\n<p class=\"has-text-align-center ext-animate--on\" style=\"margin-top:1.5rem\">Aqu\u00ed puede programar reuniones con nuestro equipo especializado para discutir soluciones personalizadas y formaci\u00f3n en an\u00e1lisis espectral.<\/p>\n\n\n\n<div class=\"wp-block-group alignwide ext-animate--on has-global-padding is-layout-constrained wp-block-group-is-layout-constrained\"><div id=\"sbw_z0hg2i_calendar\"><\/div><script type=\"text\/javascript\">function instantiateSimplyBookWidget() {    new SimplybookWidget({        \"widget_type\": \"iframe\",        \"url\": \"https:\/\/rsp9324281055.simplybook.it\",        \"theme\": \"default\",        \"theme_settings\": {\"timeline_show_end_time\":false,\"timeline_hide_unavailable\":true,\"hide_past_days\":false,\"hide_img_mode\":true,\"show_sidebar\":true,\"timeline_modern_display\":\"as_slots\",\"display_item_mode\":\"block\",\"sb_base_color\":\"#12141D\",\"booking_nav_bg_color\":\"#FFFFFF\",\"body_bg_color\":\"#f7f7f7\",\"dark_font_color\":\"#494949\",\"light_font_color\":\"var(--wp--custom--elements--button--color--text)\",\"btn_color_1\":\"#FFFFFF\",\"sb_company_label_color\":\"#FFFFFF\",\"sb_busy\":\"#12141D\",\"sb_available\":\"var(--wp--custom--elements--button--color--background)\",\"sb_review_image\":\"\",\"hide_company_label\":false,\"link_color\":\"var(--wp--custom--elements--button--color--background)\"},        \"timeline\": \"modern\",        \"datepicker\": \"top_calendar\",        \"is_rtl\": \"\",        \"app_config\": {            \"clear_session\": \"1\",            \"allow_switch_to_ada\": \"\",            \"predefined\": [],        },        \"container_id\": \"sbw_z0hg2i_calendar\"    });}document.addEventListener(\"DOMContentLoaded\", instantiateSimplyBookWidget);document.addEventListener(\"loadSimplyBookPreviewWidget\", instantiateSimplyBookWidget);<\/script><\/div>\n<\/div>\n\n<div class=\"wp-block-group alignfull is-style-ext-preset--group--natural-1--section ext-animate--off has-tertiary-background-color has-background has-global-padding is-layout-constrained wp-block-group-is-layout-constrained\" id=\"contacto\" style=\"margin-top:0;margin-bottom:0;padding-top:var(--wp--preset--spacing--70);padding-bottom:var(--wp--preset--spacing--70)\">\n<div class=\"wp-block-media-text alignwide has-media-on-the-right is-stacked-on-mobile is-image-fill-element is-style-ext-preset--media-text--natural-1--card-1 ext-animate--on has-background-background-color has-background is-style-ext-preset--media-text--natural-1--card-1--3\" style=\"grid-template-columns:auto 48%\"><div class=\"wp-block-media-text__content\">\n<div class=\"wp-block-group alignwide ext-animate--off has-global-padding is-layout-constrained wp-container-core-group-is-layout-48493932 wp-block-group-is-layout-constrained\" style=\"padding-top:var(--wp--preset--spacing--55);padding-right:var(--wp--preset--spacing--55);padding-bottom:var(--wp--preset--spacing--55);padding-left:var(--wp--preset--spacing--55)\">\n<div class=\"wp-block-contact-form-7-contact-form-selector\">\n<div class=\"wpcf7 no-js\" id=\"wpcf7-f25-o1\" lang=\"es-ES\" dir=\"ltr\" data-wpcf7-id=\"25\">\n<div class=\"screen-reader-response\"><p role=\"status\" aria-live=\"polite\" aria-atomic=\"true\"><\/p> <ul><\/ul><\/div>\n<form action=\"\/en\/wp-json\/wp\/v2\/pages\/132#wpcf7-f25-o1\" method=\"post\" class=\"wpcf7-form init\" aria-label=\"Formulario de contacto\" novalidate=\"novalidate\" data-status=\"init\" data-trp-original-action=\"\/en\/wp-json\/wp\/v2\/pages\/132#wpcf7-f25-o1\">\n<fieldset class=\"hidden-fields-container\"><input type=\"hidden\" name=\"_wpcf7\" value=\"25\" \/><input type=\"hidden\" name=\"_wpcf7_version\" value=\"6.1.5\" \/><input type=\"hidden\" name=\"_wpcf7_locale\" value=\"es_ES\" \/><input type=\"hidden\" name=\"_wpcf7_unit_tag\" value=\"wpcf7-f25-o1\" \/><input type=\"hidden\" name=\"_wpcf7_container_post\" value=\"0\" \/><input type=\"hidden\" name=\"_wpcf7_posted_data_hash\" value=\"\" \/>\n<\/fieldset>\n<p><label> Your name<br \/>\n<span class=\"wpcf7-form-control-wrap\" data-name=\"your-name\"><input size=\"40\" maxlength=\"400\" class=\"wpcf7-form-control wpcf7-text wpcf7-validates-as-required\" autocomplete=\"name\" aria-required=\"true\" aria-invalid=\"false\" value=\"\" type=\"text\" name=\"your-name\" \/><\/span> <\/label>\n<\/p>\n<p><label> Your email address<br \/>\n<span class=\"wpcf7-form-control-wrap\" data-name=\"your-email\"><input size=\"40\" maxlength=\"400\" class=\"wpcf7-form-control wpcf7-email wpcf7-validates-as-required wpcf7-text wpcf7-validates-as-email\" autocomplete=\"email\" aria-required=\"true\" aria-invalid=\"false\" value=\"\" type=\"email\" name=\"your-email\" \/><\/span> <\/label>\n<\/p>\n<p><label> Subject<br \/>\n<span class=\"wpcf7-form-control-wrap\" data-name=\"your-subject\"><input size=\"40\" maxlength=\"400\" class=\"wpcf7-form-control wpcf7-text wpcf7-validates-as-required\" aria-required=\"true\" aria-invalid=\"false\" value=\"\" type=\"text\" name=\"your-subject\" \/><\/span> <\/label>\n<\/p>\n<p><label> Your message (optional)<br \/>\n<span class=\"wpcf7-form-control-wrap\" data-name=\"your-message\"><textarea cols=\"40\" rows=\"10\" maxlength=\"2000\" class=\"wpcf7-form-control wpcf7-textarea\" aria-invalid=\"false\" name=\"your-message\"><\/textarea><\/span> <\/label>\n<\/p>\n<p><input class=\"wpcf7-form-control wpcf7-submit has-spinner\" type=\"submit\" value=\"Send\" \/>\n<\/p><div class=\"wpcf7-response-output\" aria-hidden=\"true\"><\/div>\n<input type=\"hidden\" name=\"trp-form-language\" value=\"en\"\/><\/form>\n<\/div>\n<\/div>\n<\/div>\n<\/div><figure class=\"wp-block-media-text__media\"><img loading=\"lazy\" decoding=\"async\" width=\"960\" height=\"1440\" class=\"wp-image-149 size-full\" src=\"https:\/\/falcaxis.eu\/wp-content\/uploads\/2026\/03\/cc73ffa348e5e4657698aee6d2f6fc263042e7cb.jpg\" alt=\"\" style=\"object-position:50% 50%\" srcset=\"https:\/\/falcaxis.eu\/wp-content\/uploads\/2026\/03\/cc73ffa348e5e4657698aee6d2f6fc263042e7cb.jpg 960w, https:\/\/falcaxis.eu\/wp-content\/uploads\/2026\/03\/cc73ffa348e5e4657698aee6d2f6fc263042e7cb-200x300.jpg 200w, https:\/\/falcaxis.eu\/wp-content\/uploads\/2026\/03\/cc73ffa348e5e4657698aee6d2f6fc263042e7cb-683x1024.jpg 683w, https:\/\/falcaxis.eu\/wp-content\/uploads\/2026\/03\/cc73ffa348e5e4657698aee6d2f6fc263042e7cb-768x1152.jpg 768w, https:\/\/falcaxis.eu\/wp-content\/uploads\/2026\/03\/cc73ffa348e5e4657698aee6d2f6fc263042e7cb-8x12.jpg 8w\" sizes=\"auto, (max-width: 960px) 100vw, 960px\" \/><\/figure><\/div>\n<\/div>\n\n<div class=\"wp-block-group alignfull is-style-ext-preset--group--natural-1--section has-background-background-color has-background has-global-padding is-layout-constrained wp-container-core-group-is-layout-843e5a6d wp-block-group-is-layout-constrained\" id=\"acerca-de\" style=\"margin-top:0;margin-bottom:0;padding-top:var(--wp--preset--spacing--70);padding-bottom:var(--wp--preset--spacing--70)\">\n<h2 class=\"wp-block-heading has-text-align-center ext-animate--on\">Tecnolog\u00eda de punta en sistemas RF y SDR<\/h2>\n\n\n\n<p class=\"has-text-align-center ext-animate--on\" style=\"margin-top:1.5rem\">Falcaxis Systems impulsa la innovaci\u00f3n en detecci\u00f3n de se\u00f1ales y espectro, ofreciendo soluciones que fortalecen la seguridad y eficiencia tecnol\u00f3gica. Nuestra visi\u00f3n es liderar el futuro del an\u00e1lisis espectral y la defensa contra drones.<\/p>\n\n\n\n<figure class=\"wp-block-image is-style-ext-preset-image-natural-1-image-1--content-any is-style-ext-preset--image--natural-1--image-1--content-any ext-animate--on is-style-ext-preset--image--natural-1--image-1--content-any--5\"><img loading=\"lazy\" decoding=\"async\" width=\"1440\" height=\"764\" class=\"wp-image-108\" src=\"https:\/\/falcaxis.eu\/wp-content\/uploads\/2026\/03\/13265c5921a6f310a6a2476f69ad164d12be7905.jpg\" alt=\"\" style=\"aspect-ratio:16\/9;object-fit:cover\" srcset=\"https:\/\/falcaxis.eu\/wp-content\/uploads\/2026\/03\/13265c5921a6f310a6a2476f69ad164d12be7905.jpg 1440w, https:\/\/falcaxis.eu\/wp-content\/uploads\/2026\/03\/13265c5921a6f310a6a2476f69ad164d12be7905-300x159.jpg 300w, https:\/\/falcaxis.eu\/wp-content\/uploads\/2026\/03\/13265c5921a6f310a6a2476f69ad164d12be7905-1024x543.jpg 1024w, https:\/\/falcaxis.eu\/wp-content\/uploads\/2026\/03\/13265c5921a6f310a6a2476f69ad164d12be7905-768x407.jpg 768w, https:\/\/falcaxis.eu\/wp-content\/uploads\/2026\/03\/13265c5921a6f310a6a2476f69ad164d12be7905-18x10.jpg 18w\" sizes=\"auto, (max-width: 1440px) 100vw, 1440px\" \/><\/figure>\n<\/div>","protected":false},"excerpt":{"rendered":"<p>Sistemas RF avanzados para an\u00e1lisis espectral Aqu\u00ed puede programar reuniones con nuestro equipo especializado para discutir soluciones personalizadas y formaci\u00f3n en an\u00e1lisis espectral. Tecnolog\u00eda de punta en sistemas RF y SDR Falcaxis Systems impulsa la innovaci\u00f3n en detecci\u00f3n de se\u00f1ales y espectro, ofreciendo soluciones que fortalecen la seguridad y eficiencia tecnol\u00f3gica. Nuestra visi\u00f3n es liderar [&hellip;]<\/p>\n","protected":false},"author":1,"featured_media":0,"parent":0,"menu_order":0,"comment_status":"closed","ping_status":"closed","template":"page-with-title","meta":{"footnotes":""},"class_list":["post-132","page","type-page","status-publish","hentry"],"aioseo_notices":[],"_links":{"self":[{"href":"https:\/\/falcaxis.eu\/en\/wp-json\/wp\/v2\/pages\/132","targetHints":{"allow":["GET"]}}],"collection":[{"href":"https:\/\/falcaxis.eu\/en\/wp-json\/wp\/v2\/pages"}],"about":[{"href":"https:\/\/falcaxis.eu\/en\/wp-json\/wp\/v2\/types\/page"}],"author":[{"embeddable":true,"href":"https:\/\/falcaxis.eu\/en\/wp-json\/wp\/v2\/users\/1"}],"replies":[{"embeddable":true,"href":"https:\/\/falcaxis.eu\/en\/wp-json\/wp\/v2\/comments?post=132"}],"version-history":[{"count":1,"href":"https:\/\/falcaxis.eu\/en\/wp-json\/wp\/v2\/pages\/132\/revisions"}],"predecessor-version":[{"id":150,"href":"https:\/\/falcaxis.eu\/en\/wp-json\/wp\/v2\/pages\/132\/revisions\/150"}],"wp:attachment":[{"href":"https:\/\/falcaxis.eu\/en\/wp-json\/wp\/v2\/media?parent=132"}],"curies":[{"name":"wp","href":"https:\/\/api.w.org\/{rel}","templated":true}]}}